{"id":10,"date":"2025-12-04T12:19:54","date_gmt":"2025-12-04T11:19:54","guid":{"rendered":"https:\/\/hal-engineering.de\/?page_id=10"},"modified":"2026-05-11T09:13:33","modified_gmt":"2026-05-11T07:13:33","slug":"impressum","status":"publish","type":"page","link":"https:\/\/hal-engineering.de\/en\/impressum\/","title":{"rendered":"Legal Notice"},"content":{"rendered":"\t\t<div data-elementor-type=\"wp-page\" data-elementor-id=\"10\" class=\"elementor elementor-10\" data-elementor-post-type=\"page\">\n\t\t\t\t\t\t<section class=\"elementor-section elementor-top-section elementor-element elementor-element-fcdb230 elementor-section-boxed elementor-section-height-default elementor-section-height-default\" data-id=\"fcdb230\" data-element_type=\"section\" data-e-type=\"section\">\n\t\t\t\t\t\t<div class=\"elementor-container elementor-column-gap-wider\">\n\t\t\t\t\t<div class=\"elementor-column elementor-col-100 elementor-top-column elementor-element elementor-element-24bfca2\" data-id=\"24bfca2\" data-element_type=\"column\" data-e-type=\"column\">\n\t\t\t<div class=\"elementor-widget-wrap elementor-element-populated\">\n\t\t\t\t\t\t<div class=\"elementor-element elementor-element-2c1fa7e elementor-widget elementor-widget-heading\" data-id=\"2c1fa7e\" data-element_type=\"widget\" data-e-type=\"widget\" data-widget_type=\"heading.default\">\n\t\t\t\t<div class=\"elementor-widget-container\">\n\t\t\t\t\t<h1 class=\"elementor-heading-title elementor-size-default\">Impressum<\/h1>\t\t\t\t<\/div>\n\t\t\t\t<\/div>\n\t\t\t\t<div class=\"elementor-element elementor-element-b1bc66e elementor-widget elementor-widget-text-editor\" data-id=\"b1bc66e\" data-element_type=\"widget\" data-e-type=\"widget\" data-widget_type=\"text-editor.default\">\n\t\t\t\t<div class=\"elementor-widget-container\">\n\t\t\t\t\t\t\t\t\t<h3>Angaben gem\u00e4\u00df \u00a7 5 Digitale-Dienste-Gesetz (DDG)<\/h3><p>HAL-Engineering GmbH<br \/>Th\u00fcringer Str. 30<br \/>06112 Halle (Saale)<br \/>Deutschland<\/p><p>Telefon: +49 (0)345 130 92 0<br \/>Telefax: +49 (0)345 130 92 55<br \/>E-Mail: info[AT]hal-engineering.de<br \/>Internet: www.hal-engineering.de<\/p><p>Vertretungsberechtigter Gesch\u00e4ftsf\u00fchrer: Dipl.-Ing.(FH) Peter Drechsel (VDI) &#8211; (Anschrift wie oben)<\/p><p>Registergericht: Amtsgericht Halle Registernummer: Amtsgericht Stendal, HRB 16179<br \/>Umsatzsteuer-Identifikationsnummer gem\u00e4\u00df \u00a7 27a Umsatzsteuergesetz: DE 277 961 884<\/p><p>Dieses Impressum gilt auch f\u00fcr unsere Profile auf sozialen Netzwerken.<\/p><h3>Haftungsausschluss (Disclaimer)<\/h3><p><strong>Haftung f\u00fcr Inhalte<\/strong><\/p><p>Als Diensteanbieter sind wir gem\u00e4\u00df den allgemeinen Gesetzen f\u00fcr eigene Inhalte auf diesen Seiten verantwortlich. Wir sind jedoch nicht verpflichtet, \u00fcbermittelte oder gespeicherte fremde Informationen zu \u00fcberwachen oder nach Umst\u00e4nden zu forschen, die auf eine rechtswidrige T\u00e4tigkeit hinweisen. Verpflichtungen zur Entfernung oder Sperrung der Nutzung von Informationen nach den allgemeinen Gesetzen bleiben hiervon unber\u00fchrt. Eine diesbez\u00fcgliche Haftung ist jedoch erst ab dem Zeitpunkt der Kenntnis einer konkreten Rechtsverletzung m\u00f6glich. Bei Bekanntwerden entsprechender Rechtsverletzungen entfernen wir diese Inhalte umgehend.<\/p><p><strong>Haftung f\u00fcr Links<\/strong><\/p><p>Unser Angebot enth\u00e4lt Links zu externen Websites Dritter, auf deren Inhalte wir keinen Einfluss haben. Deshalb \u00fcbernehmen wir f\u00fcr diese fremden Inhalte auch keine Gew\u00e4hr. F\u00fcr die Inhalte der verlinkten Seiten ist stets der jeweilige Anbieter oder Betreiber verantwortlich. Die verlinkten Seiten wurden zum Zeitpunkt der Verlinkung auf m\u00f6gliche Rechtsverst\u00f6\u00dfe \u00fcberpr\u00fcft, rechtswidrige Inhalte waren zu diesem Zeitpunkt nicht erkennbar. Eine permanente inhaltliche Kontrolle der verlinkten Seiten ist ohne konkrete Anhaltspunkte einer Rechtsverletzung nicht zumutbar. Bei Bekanntwerden von Rechtsverletzungen entfernen wir solche Links umgehend.<\/p><p><strong>Urheberrecht<\/strong><\/p><p>Die durch die Seitenbetreiber erstellten Inhalte und Werke auf dieser Website unterliegen dem deutschen Urheberrecht. Die Vervielf\u00e4ltigung, Bearbeitung, Verbreitung und jede Art der Verwertung au\u00dferhalb der Grenzen des Urheberrechts bed\u00fcrfen der schriftlichen Zustimmung des jeweiligen Autors bzw. Erstellers. Downloads und Kopien dieser Seite sind nur f\u00fcr den privaten, nicht kommerziellen Gebrauch gestattet. Soweit Inhalte auf dieser Seite nicht vom Betreiber erstellt wurden, werden die Urheberrechte Dritter beachtet. Inhalte Dritter sind entsprechend gekennzeichnet. Sollten Sie trotzdem auf eine Urheberrechtsverletzung aufmerksam werden, bitten wir um einen entsprechenden Hinweis. Bei Bekanntwerden von Rechtsverletzungen entfernen wir derartige Inhalte umgehend.<\/p><h3>Quellenangaben f\u00fcr die verwendeten Bilder und Grafiken:<\/h3><ul><li>ausschlie\u00dflich eigene Bilder &amp; Grafiken<\/li><\/ul><h3>Webdesign &amp; Entwicklung<\/h3><p>&gt;&gt; <a href=\"https:\/\/wir-bauen-ihre-website.de\" target=\"_blank\" rel=\"noopener\">wir-bauen-ihre-website.de<\/a><\/p>\t\t\t\t\t\t\t\t<\/div>\n\t\t\t\t<\/div>\n\t\t\t\t\t<\/div>\n\t\t<\/div>\n\t\t\t\t\t<\/div>\n\t\t<\/section>\n\t\t\t\t<section class=\"elementor-section elementor-top-section elementor-element elementor-element-e3499e6 elementor-section-full_width elementor-section-height-default elementor-section-height-default\" data-id=\"e3499e6\" data-element_type=\"section\" data-e-type=\"section\">\n\t\t\t\t\t\t<div class=\"elementor-container elementor-column-gap-no\">\n\t\t\t\t\t<div class=\"elementor-column elementor-col-100 elementor-top-column elementor-element elementor-element-522a6c4\" data-id=\"522a6c4\" data-element_type=\"column\" data-e-type=\"column\">\n\t\t\t<div class=\"elementor-widget-wrap elementor-element-populated\">\n\t\t\t\t\t\t<div class=\"elementor-element elementor-element-0dd8737 elementor-widget elementor-widget-image\" data-id=\"0dd8737\" data-element_type=\"widget\" data-e-type=\"widget\" data-widget_type=\"image.default\">\n\t\t\t\t<div class=\"elementor-widget-container\">\n\t\t\t\t\t\t\t\t\t\t\t\t\t\t\t<img fetchpriority=\"high\" decoding=\"async\" width=\"1024\" height=\"363\" src=\"https:\/\/hal-engineering.de\/wp-content\/uploads\/2021\/01\/bg-1024x363.png\" class=\"attachment-large size-large wp-image-24525\" alt=\"\" srcset=\"https:\/\/hal-engineering.de\/wp-content\/uploads\/2021\/01\/bg-1024x363.png 1024w, https:\/\/hal-engineering.de\/wp-content\/uploads\/2021\/01\/bg-300x106.png 300w, https:\/\/hal-engineering.de\/wp-content\/uploads\/2021\/01\/bg-768x272.png 768w, https:\/\/hal-engineering.de\/wp-content\/uploads\/2021\/01\/bg-1536x545.png 1536w, https:\/\/hal-engineering.de\/wp-content\/uploads\/2021\/01\/bg.png 1825w\" sizes=\"(max-width: 1024px) 100vw, 1024px\" \/>\t\t\t\t\t\t\t\t\t\t\t\t\t\t\t<\/div>\n\t\t\t\t<\/div>\n\t\t\t\t\t<\/div>\n\t\t<\/div>\n\t\t\t\t\t<\/div>\n\t\t<\/section>\n\t\t\t\t<section class=\"elementor-section elementor-top-section elementor-element elementor-element-f39dea0 elementor-section-full_width elementor-section-height-default elementor-section-height-default\" data-id=\"f39dea0\" data-element_type=\"section\" data-e-type=\"section\">\n\t\t\t\t\t\t<div class=\"elementor-container elementor-column-gap-no\">\n\t\t\t\t\t<div class=\"elementor-column elementor-col-100 elementor-top-column elementor-element elementor-element-603aa72\" data-id=\"603aa72\" data-element_type=\"column\" data-e-type=\"column\">\n\t\t\t<div class=\"elementor-widget-wrap elementor-element-populated\">\n\t\t\t\t\t\t<div class=\"elementor-element elementor-element-5715d98 elementor-widget-divider--view-line elementor-widget elementor-widget-divider\" data-id=\"5715d98\" data-element_type=\"widget\" data-e-type=\"widget\" data-widget_type=\"divider.default\">\n\t\t\t\t<div class=\"elementor-widget-container\">\n\t\t\t\t\t\t\t<div class=\"elementor-divider\">\n\t\t\t<span class=\"elementor-divider-separator\">\n\t\t\t\t\t\t<\/span>\n\t\t<\/div>\n\t\t\t\t\t\t<\/div>\n\t\t\t\t<\/div>\n\t\t\t\t\t<\/div>\n\t\t<\/div>\n\t\t\t\t\t<\/div>\n\t\t<\/section>\n\t\t\t\t<\/div>\n\t\t","protected":false},"excerpt":{"rendered":"<p>Impressum Angaben gem\u00e4\u00df \u00a7 5 Digitale-Dienste-Gesetz (DDG) HAL-Engineering GmbHTh\u00fcringer Str. 3006112 Halle (Saale)Deutschland Telefon: +49 (0)345 130 92 0Telefax: +49 (0)345 130 92 55E-Mail: info[AT]hal-engineering.deInternet: www.hal-engineering.de Vertretungsberechtigter Gesch\u00e4ftsf\u00fchrer: Dipl.-Ing.(FH) Peter Drechsel (VDI) &#8211; (Anschrift wie oben) Registergericht: Amtsgericht Halle Registernummer: Amtsgericht Stendal, HRB 16179Umsatzsteuer-Identifikationsnummer gem\u00e4\u00df \u00a7 27a Umsatzsteuergesetz: DE 277 961 884 Dieses Impressum gilt [&hellip;]<\/p>\n","protected":false},"author":1,"featured_media":0,"parent":0,"menu_order":0,"comment_status":"closed","ping_status":"closed","template":"","meta":{"site-sidebar-layout":"no-sidebar","site-content-layout":"page-builder","ast-site-content-layout":"default","site-content-style":"default","site-sidebar-style":"default","ast-global-header-display":"","ast-banner-title-visibility":"","ast-main-header-display":"","ast-hfb-above-header-display":"","ast-hfb-below-header-display":"","ast-hfb-mobile-header-display":"","site-post-title":"disabled","ast-breadcrumbs-content":"","ast-featured-img":"disabled","footer-sml-layout":"","ast-disable-related-posts":"","theme-transparent-header-meta":"default","adv-header-id-meta":"","stick-header-meta":"","header-above-stick-meta":"","header-main-stick-meta":"","header-below-stick-meta":"","astra-migrate-meta-layouts":"default","ast-page-background-enabled":"default","ast-page-background-meta":{"desktop":{"background-color":"","background-image":"","background-repeat":"repeat","background-position":"center center","background-size":"auto","background-attachment":"scroll","background-type":"","background-media":"","overlay-type":"","overlay-color":"","overlay-opacity":"","overlay-gradient":""},"tablet":{"background-color":"","background-image":"","background-repeat":"repeat","background-position":"center center","background-size":"auto","background-attachment":"scroll","background-type":"","background-media":"","overlay-type":"","overlay-color":"","overlay-opacity":"","overlay-gradient":""},"mobile":{"background-color":"","background-image":"","background-repeat":"repeat","background-position":"center center","background-size":"auto","background-attachment":"scroll","background-type":"","background-media":"","overlay-type":"","overlay-color":"","overlay-opacity":"","overlay-gradient":""}},"ast-content-background-meta":{"desktop":{"background-color":"var(--ast-global-color-5)","background-image":"","background-repeat":"repeat","background-position":"center center","background-size":"auto","background-attachment":"scroll","background-type":"","background-media":"","overlay-type":"","overlay-color":"","overlay-opacity":"","overlay-gradient":""},"tablet":{"background-color":"var(--ast-global-color-5)","background-image":"","background-repeat":"repeat","background-position":"center center","background-size":"auto","background-attachment":"scroll","background-type":"","background-media":"","overlay-type":"","overlay-color":"","overlay-opacity":"","overlay-gradient":""},"mobile":{"background-color":"var(--ast-global-color-5)","background-image":"","background-repeat":"repeat","background-position":"center center","background-size":"auto","background-attachment":"scroll","background-type":"","background-media":"","overlay-type":"","overlay-color":"","overlay-opacity":"","overlay-gradient":""}},"footnotes":""},"class_list":["post-10","page","type-page","status-publish","hentry"],"yoast_head":"<!-- This site is optimized with the Yoast SEO plugin v27.5 - https:\/\/yoast.com\/product\/yoast-seo-wordpress\/ -->\n<title>Impressum - HAL-Engineering GmbH<\/title>\n<meta name=\"robots\" content=\"noindex, nofollow\" \/>\n<meta property=\"og:locale\" content=\"en_GB\" \/>\n<meta property=\"og:type\" content=\"article\" \/>\n<meta property=\"og:title\" content=\"Impressum - HAL-Engineering GmbH\" \/>\n<meta property=\"og:description\" content=\"Impressum Angaben gem\u00e4\u00df \u00a7 5 Digitale-Dienste-Gesetz (DDG) HAL-Engineering GmbHTh\u00fcringer Str. 3006112 Halle (Saale)Deutschland Telefon: +49 (0)345 130 92 0Telefax: +49 (0)345 130 92 55E-Mail: info[AT]hal-engineering.deInternet: www.hal-engineering.de Vertretungsberechtigter Gesch\u00e4ftsf\u00fchrer: Dipl.-Ing.(FH) Peter Drechsel (VDI) &#8211; (Anschrift wie oben) Registergericht: Amtsgericht Halle Registernummer: Amtsgericht Stendal, HRB 16179Umsatzsteuer-Identifikationsnummer gem\u00e4\u00df \u00a7 27a Umsatzsteuergesetz: DE 277 961 884 Dieses Impressum gilt [&hellip;]\" \/>\n<meta property=\"og:url\" content=\"https:\/\/hal-engineering.de\/en\/impressum\/\" \/>\n<meta property=\"og:site_name\" content=\"HAL-Engineering GmbH\" \/>\n<meta property=\"article:modified_time\" content=\"2026-05-11T07:13:33+00:00\" \/>\n<meta property=\"og:image\" content=\"https:\/\/hal-engineering.de\/wp-content\/uploads\/2021\/01\/bg.png\" \/>\n\t<meta property=\"og:image:width\" content=\"1825\" \/>\n\t<meta property=\"og:image:height\" content=\"647\" \/>\n\t<meta property=\"og:image:type\" content=\"image\/png\" \/>\n<meta name=\"twitter:card\" content=\"summary_large_image\" \/>\n<meta name=\"twitter:label1\" content=\"Estimated reading time\" \/>\n\t<meta name=\"twitter:data1\" content=\"3 minutes\" \/>\n<script type=\"application\/ld+json\" class=\"yoast-schema-graph\">{\"@context\":\"https:\\\/\\\/schema.org\",\"@graph\":[{\"@type\":\"WebPage\",\"@id\":\"https:\\\/\\\/hal-engineering.de\\\/impressum\\\/\",\"url\":\"https:\\\/\\\/hal-engineering.de\\\/impressum\\\/\",\"name\":\"Impressum - HAL-Engineering GmbH\",\"isPartOf\":{\"@id\":\"https:\\\/\\\/hal-engineering.de\\\/#website\"},\"primaryImageOfPage\":{\"@id\":\"https:\\\/\\\/hal-engineering.de\\\/impressum\\\/#primaryimage\"},\"image\":{\"@id\":\"https:\\\/\\\/hal-engineering.de\\\/impressum\\\/#primaryimage\"},\"thumbnailUrl\":\"https:\\\/\\\/hal-engineering.de\\\/wp-content\\\/uploads\\\/2021\\\/01\\\/bg-1024x363.png\",\"datePublished\":\"2025-12-04T11:19:54+00:00\",\"dateModified\":\"2026-05-11T07:13:33+00:00\",\"breadcrumb\":{\"@id\":\"https:\\\/\\\/hal-engineering.de\\\/impressum\\\/#breadcrumb\"},\"inLanguage\":\"en-GB\",\"potentialAction\":[{\"@type\":\"ReadAction\",\"target\":[\"https:\\\/\\\/hal-engineering.de\\\/impressum\\\/\"]}]},{\"@type\":\"ImageObject\",\"inLanguage\":\"en-GB\",\"@id\":\"https:\\\/\\\/hal-engineering.de\\\/impressum\\\/#primaryimage\",\"url\":\"https:\\\/\\\/hal-engineering.de\\\/wp-content\\\/uploads\\\/2021\\\/01\\\/bg-1024x363.png\",\"contentUrl\":\"https:\\\/\\\/hal-engineering.de\\\/wp-content\\\/uploads\\\/2021\\\/01\\\/bg-1024x363.png\"},{\"@type\":\"BreadcrumbList\",\"@id\":\"https:\\\/\\\/hal-engineering.de\\\/impressum\\\/#breadcrumb\",\"itemListElement\":[{\"@type\":\"ListItem\",\"position\":1,\"name\":\"Startseite\",\"item\":\"https:\\\/\\\/hal-engineering.de\\\/\"},{\"@type\":\"ListItem\",\"position\":2,\"name\":\"Impressum\"}]},{\"@type\":\"WebSite\",\"@id\":\"https:\\\/\\\/hal-engineering.de\\\/#website\",\"url\":\"https:\\\/\\\/hal-engineering.de\\\/\",\"name\":\"HAL-Engineering GmbH\",\"description\":\"\",\"publisher\":{\"@id\":\"https:\\\/\\\/hal-engineering.de\\\/#organization\"},\"potentialAction\":[{\"@type\":\"SearchAction\",\"target\":{\"@type\":\"EntryPoint\",\"urlTemplate\":\"https:\\\/\\\/hal-engineering.de\\\/?s={search_term_string}\"},\"query-input\":{\"@type\":\"PropertyValueSpecification\",\"valueRequired\":true,\"valueName\":\"search_term_string\"}}],\"inLanguage\":\"en-GB\"},{\"@type\":\"Organization\",\"@id\":\"https:\\\/\\\/hal-engineering.de\\\/#organization\",\"name\":\"HAL-Engineering GmbH\",\"url\":\"https:\\\/\\\/hal-engineering.de\\\/\",\"logo\":{\"@type\":\"ImageObject\",\"inLanguage\":\"en-GB\",\"@id\":\"https:\\\/\\\/hal-engineering.de\\\/#\\\/schema\\\/logo\\\/image\\\/\",\"url\":\"https:\\\/\\\/hal-engineering.de\\\/wp-content\\\/uploads\\\/2025\\\/12\\\/hal-engineering-logo.jpg\",\"contentUrl\":\"https:\\\/\\\/hal-engineering.de\\\/wp-content\\\/uploads\\\/2025\\\/12\\\/hal-engineering-logo.jpg\",\"width\":424,\"height\":424,\"caption\":\"HAL-Engineering GmbH\"},\"image\":{\"@id\":\"https:\\\/\\\/hal-engineering.de\\\/#\\\/schema\\\/logo\\\/image\\\/\"}}]}<\/script>\n<!-- \/ Yoast SEO plugin. -->","yoast_head_json":{"title":"Impressum - HAL-Engineering GmbH","robots":{"index":"noindex","follow":"nofollow"},"og_locale":"en_GB","og_type":"article","og_title":"Impressum - HAL-Engineering GmbH","og_description":"Impressum Angaben gem\u00e4\u00df \u00a7 5 Digitale-Dienste-Gesetz (DDG) HAL-Engineering GmbHTh\u00fcringer Str. 3006112 Halle (Saale)Deutschland Telefon: +49 (0)345 130 92 0Telefax: +49 (0)345 130 92 55E-Mail: info[AT]hal-engineering.deInternet: www.hal-engineering.de Vertretungsberechtigter Gesch\u00e4ftsf\u00fchrer: Dipl.-Ing.(FH) Peter Drechsel (VDI) &#8211; (Anschrift wie oben) Registergericht: Amtsgericht Halle Registernummer: Amtsgericht Stendal, HRB 16179Umsatzsteuer-Identifikationsnummer gem\u00e4\u00df \u00a7 27a Umsatzsteuergesetz: DE 277 961 884 Dieses Impressum gilt [&hellip;]","og_url":"https:\/\/hal-engineering.de\/en\/impressum\/","og_site_name":"HAL-Engineering GmbH","article_modified_time":"2026-05-11T07:13:33+00:00","og_image":[{"width":1825,"height":647,"url":"https:\/\/hal-engineering.de\/wp-content\/uploads\/2021\/01\/bg.png","type":"image\/png"}],"twitter_card":"summary_large_image","twitter_misc":{"Estimated reading time":"3 minutes"},"schema":{"@context":"https:\/\/schema.org","@graph":[{"@type":"WebPage","@id":"https:\/\/hal-engineering.de\/impressum\/","url":"https:\/\/hal-engineering.de\/impressum\/","name":"Impressum - HAL-Engineering GmbH","isPartOf":{"@id":"https:\/\/hal-engineering.de\/#website"},"primaryImageOfPage":{"@id":"https:\/\/hal-engineering.de\/impressum\/#primaryimage"},"image":{"@id":"https:\/\/hal-engineering.de\/impressum\/#primaryimage"},"thumbnailUrl":"https:\/\/hal-engineering.de\/wp-content\/uploads\/2021\/01\/bg-1024x363.png","datePublished":"2025-12-04T11:19:54+00:00","dateModified":"2026-05-11T07:13:33+00:00","breadcrumb":{"@id":"https:\/\/hal-engineering.de\/impressum\/#breadcrumb"},"inLanguage":"en-GB","potentialAction":[{"@type":"ReadAction","target":["https:\/\/hal-engineering.de\/impressum\/"]}]},{"@type":"ImageObject","inLanguage":"en-GB","@id":"https:\/\/hal-engineering.de\/impressum\/#primaryimage","url":"https:\/\/hal-engineering.de\/wp-content\/uploads\/2021\/01\/bg-1024x363.png","contentUrl":"https:\/\/hal-engineering.de\/wp-content\/uploads\/2021\/01\/bg-1024x363.png"},{"@type":"BreadcrumbList","@id":"https:\/\/hal-engineering.de\/impressum\/#breadcrumb","itemListElement":[{"@type":"ListItem","position":1,"name":"Startseite","item":"https:\/\/hal-engineering.de\/"},{"@type":"ListItem","position":2,"name":"Impressum"}]},{"@type":"WebSite","@id":"https:\/\/hal-engineering.de\/#website","url":"https:\/\/hal-engineering.de\/","name":"HAL-Engineering GmbH","description":"","publisher":{"@id":"https:\/\/hal-engineering.de\/#organization"},"potentialAction":[{"@type":"SearchAction","target":{"@type":"EntryPoint","urlTemplate":"https:\/\/hal-engineering.de\/?s={search_term_string}"},"query-input":{"@type":"PropertyValueSpecification","valueRequired":true,"valueName":"search_term_string"}}],"inLanguage":"en-GB"},{"@type":"Organization","@id":"https:\/\/hal-engineering.de\/#organization","name":"HAL-Engineering GmbH","url":"https:\/\/hal-engineering.de\/","logo":{"@type":"ImageObject","inLanguage":"en-GB","@id":"https:\/\/hal-engineering.de\/#\/schema\/logo\/image\/","url":"https:\/\/hal-engineering.de\/wp-content\/uploads\/2025\/12\/hal-engineering-logo.jpg","contentUrl":"https:\/\/hal-engineering.de\/wp-content\/uploads\/2025\/12\/hal-engineering-logo.jpg","width":424,"height":424,"caption":"HAL-Engineering GmbH"},"image":{"@id":"https:\/\/hal-engineering.de\/#\/schema\/logo\/image\/"}}]}},"_links":{"self":[{"href":"https:\/\/hal-engineering.de\/en\/wp-json\/wp\/v2\/pages\/10","targetHints":{"allow":["GET"]}}],"collection":[{"href":"https:\/\/hal-engineering.de\/en\/wp-json\/wp\/v2\/pages"}],"about":[{"href":"https:\/\/hal-engineering.de\/en\/wp-json\/wp\/v2\/types\/page"}],"author":[{"embeddable":true,"href":"https:\/\/hal-engineering.de\/en\/wp-json\/wp\/v2\/users\/1"}],"replies":[{"embeddable":true,"href":"https:\/\/hal-engineering.de\/en\/wp-json\/wp\/v2\/comments?post=10"}],"version-history":[{"count":11,"href":"https:\/\/hal-engineering.de\/en\/wp-json\/wp\/v2\/pages\/10\/revisions"}],"predecessor-version":[{"id":26113,"href":"https:\/\/hal-engineering.de\/en\/wp-json\/wp\/v2\/pages\/10\/revisions\/26113"}],"wp:attachment":[{"href":"https:\/\/hal-engineering.de\/en\/wp-json\/wp\/v2\/media?parent=10"}],"curies":[{"name":"wp","href":"https:\/\/api.w.org\/{rel}","templated":true}]}}